{"id":571,"date":"2024-05-17T08:12:35","date_gmt":"2024-05-17T13:12:35","guid":{"rendered":"https:\/\/prevactions.ca\/?page_id=571"},"modified":"2024-05-22T08:36:12","modified_gmt":"2024-05-22T13:36:12","slug":"politiques-de-confidentialite","status":"publish","type":"page","link":"https:\/\/prevactions.ca\/es\/politica-de-privacidad\/","title":{"rendered":"Pol\u00edtica de privacidad"},"content":{"rendered":"<h2 class=\"wp-block-heading\">Qui\u00e9nes somos<\/h2>\n\n\n\n<p>La direcci\u00f3n de nuestro sitio web es: https:\/\/prevactions.ca<\/p>\n\n\n\n<h3 class=\"wp-block-heading\"><strong><em>WordPress<\/em><\/strong><\/h3>\n\n\n\n<h2 class=\"wp-block-heading\">Comentarios<\/h2>\n\n\n\n<p>Cuando deja un comentario en nuestro sitio web, se recogen los datos introducidos en el formulario de comentarios, su direcci\u00f3n IP y el agente de usuario de su navegador para ayudarnos a detectar comentarios no deseados.<\/p>\n\n\n\n<p>Una cadena an\u00f3nima creada a partir de su direcci\u00f3n de correo electr\u00f3nico (tambi\u00e9n conocida como \"hash\") puede ser enviada al servicio Gravatar para comprobar si usted lo est\u00e1 utilizando. La pol\u00edtica de privacidad de Gravatar est\u00e1 disponible aqu\u00ed: https:\/\/automattic.com\/privacy\/. Una vez validado su comentario, su foto de perfil ser\u00e1 visible p\u00fablicamente junto a su comentario.<\/p>\n\n\n\n<h2 class=\"wp-block-heading\">Medios de comunicaci\u00f3n<\/h2>\n\n\n\n<p>Si carga im\u00e1genes en el sitio web, le aconsejamos que evite cargar im\u00e1genes que contengan datos EXIF con coordenadas GPS. Los visitantes de este sitio web pueden descargar y extraer datos de localizaci\u00f3n de estas im\u00e1genes.<\/p>\n\n\n\n<h2 class=\"wp-block-heading\">Testigos<\/h2>\n\n\n\n<p>Si deja un comentario en nuestro sitio, se le pedir\u00e1 que guarde su nombre, direcci\u00f3n de correo electr\u00f3nico y sitio web en cookies. Esto se hace \u00fanicamente para facilitarle la vida y que no tenga que introducir esta informaci\u00f3n si deja otro comentario m\u00e1s adelante. Estas cookies caducan al cabo de un a\u00f1o.<\/p>\n\n\n\n<p>Si accede a la p\u00e1gina de inicio de sesi\u00f3n, se crear\u00e1 una cookie temporal para determinar si su navegador acepta cookies. No contiene ning\u00fan dato personal y se borrar\u00e1 autom\u00e1ticamente cuando cierre el navegador.<\/p>\n\n\n\n<p>Cuando se conecte, instalaremos una serie de cookies para registrar su informaci\u00f3n de conexi\u00f3n y sus preferencias de pantalla. La vida \u00fatil de una cookie de conexi\u00f3n es de dos d\u00edas, y la de una cookie de opci\u00f3n de pantalla es de un a\u00f1o. Si marca \"Recordarme\", la cookie se conservar\u00e1 durante quince d\u00edas. Si sale de su cuenta, la cookie se borrar\u00e1.<\/p>\n\n\n\n<p>Al modificar o publicar un art\u00edculo, se almacenar\u00e1 una cookie adicional en su navegador. Esta cookie no contiene ning\u00fan dato personal. Simplemente indica el identificador del art\u00edculo que acaba de modificar. Caduca al cabo de un d\u00eda.<\/p>\n\n\n\n<h2 class=\"wp-block-heading\">Contenido incrustado de otros sitios web<\/h2>\n\n\n\n<p>Los art\u00edculos de este sitio pueden incluir contenido incrustado (por ejemplo, v\u00eddeos, im\u00e1genes, art\u00edculos, etc.). El contenido incrustado de otros sitios se comporta de la misma manera que si el visitante fuera a ese otro sitio.<\/p>\n\n\n\n<p>Estos sitios web pueden recopilar datos sobre usted, utilizar cookies, instalar herramientas de seguimiento de terceros o rastrear sus interacciones con este contenido integrado si tiene una cuenta y est\u00e1 conectado a su sitio web.<\/p>\n\n\n\n<h2 class=\"wp-block-heading\">Con qui\u00e9n compartimos sus datos<\/h2>\n\n\n\n<p>Si solicita un restablecimiento de contrase\u00f1a, su direcci\u00f3n IP se incluir\u00e1 en el correo electr\u00f3nico de restablecimiento.<\/p>\n\n\n\n<h2 class=\"wp-block-heading\">\u00bfCu\u00e1nto tiempo se conservan sus datos?<\/h2>\n\n\n\n<p>Si deja un comentario, el comentario y sus metadatos se conservan indefinidamente. Esto permite que los comentarios posteriores se reconozcan y aprueben autom\u00e1ticamente en lugar de quedarse en la cola de moderaci\u00f3n.<\/p>\n\n\n\n<p>Para los usuarios que se registran en nuestro sitio (cuando es posible), tambi\u00e9n almacenamos los datos personales indicados en su perfil. Todos los usuarios pueden ver, modificar o borrar su informaci\u00f3n personal en cualquier momento (a excepci\u00f3n de su nombre de usuario). Los administradores del sitio tambi\u00e9n pueden ver y modificar esta informaci\u00f3n.<\/p>\n\n\n\n<h2 class=\"wp-block-heading\">\u00bfQu\u00e9 derechos tiene sobre sus datos?<\/h2>\n\n\n\n<p>Si tiene una cuenta o ha dejado comentarios en este sitio, puede solicitar que le enviemos un archivo con todos los datos personales que tenemos sobre usted, incluidos los que nos ha facilitado. Tambi\u00e9n puede solicitar la supresi\u00f3n de sus datos personales. Esto no incluye los datos conservados con fines administrativos, legales o de seguridad.<\/p>\n\n\n\n<h2 class=\"wp-block-heading\">D\u00f3nde se env\u00edan sus datos<\/h2>\n\n\n\n<p><strong class=\"privacy-policy-tutorial\">Texto sugerido: <\/strong>Los comentarios de los visitantes pueden comprobarse mediante un servicio automatizado para detectar comentarios no deseados.<\/p>\n\n\n\n<hr class=\"wp-block-separator has-alpha-channel-opacity is-style-wide\"\/>\n\n\n\n<h3 class=\"wp-block-heading\"><strong><em>WooCommerce<\/em><\/strong><\/h3>\n\n\n\n<p>Recopilamos informaci\u00f3n durante el proceso de pedido en nuestra tienda.<\/p>\n\n\n\n<h2 class=\"wp-block-heading\">Lo que cosechamos y almacenamos<\/h2>\n\n\n\n<p>Mientras visites nuestro sitio, te estaremos vigilando:<\/p>\n\n\n\n<ul class=\"wp-block-list\">\n<li>Productos que ha visto: por ejemplo, para mostrar los productos que ha visto recientemente.<\/li>\n\n\n\n<li>Ubicaci\u00f3n, direcci\u00f3n IP y tipo de navegador: los utilizamos para calcular los impuestos y los gastos de env\u00edo.<\/li>\n\n\n\n<li>Direcci\u00f3n de entrega: le pediremos que la introduzca para calcular los gastos de entrega antes de realizar el pedido y para envi\u00e1rselo.<\/li>\n<\/ul>\n\n\n\n<p>Utilizaremos cookies para rastrear el contenido de la cesta de la compra mientras navega por nuestro sitio.<\/p>\n\n\n\n<p>Cuando compre en nuestro sitio web, le pediremos que nos facilite informaci\u00f3n como su nombre, direcci\u00f3n de facturaci\u00f3n, direcci\u00f3n de entrega, direcci\u00f3n de correo electr\u00f3nico, n\u00famero de tel\u00e9fono, datos de pago\/tarjeta de cr\u00e9dito y, posiblemente, datos de su cuenta como nombre de usuario y contrase\u00f1a. Esta informaci\u00f3n se utilizar\u00e1 para<\/p>\n\n\n\n<ul class=\"wp-block-list\">\n<li>Enviarle informaci\u00f3n sobre su cuenta y sus pedidos<\/li>\n\n\n\n<li>Responder a sus solicitudes, incluidas devoluciones y reclamaciones<\/li>\n\n\n\n<li>Procese los pagos y evite el fraude<\/li>\n\n\n\n<li>Configure su cuenta para nuestra tienda<\/li>\n\n\n\n<li>Cumplir las obligaciones legales, como el c\u00e1lculo de impuestos.<\/li>\n\n\n\n<li>Mejorar la oferta de nuestra tienda<\/li>\n\n\n\n<li>Enviarle mensajes con fines promocionales, si decide recibirlos<\/li>\n<\/ul>\n\n\n\n<p>Si crea una cuenta, conservaremos su nombre, direcci\u00f3n, direcci\u00f3n de correo electr\u00f3nico y n\u00famero de tel\u00e9fono, que se utilizar\u00e1n para completar la validaci\u00f3n del pedido en futuros pedidos.<\/p>\n\n\n\n<p>Por lo general, conservamos su informaci\u00f3n durante el tiempo que la necesitamos para los fines para los que la recopilamos y utilizamos, y no estamos legalmente obligados a seguir conserv\u00e1ndola. Por ejemplo, conservamos la informaci\u00f3n de los pedidos durante XXX a\u00f1os a efectos fiscales y contables. Esto incluye su nombre, direcci\u00f3n de correo electr\u00f3nico y direcciones de facturaci\u00f3n y env\u00edo.<\/p>\n\n\n\n<p>Tambi\u00e9n guardamos comentarios o avisos, si decide enviarlos.<\/p>\n\n\n\n<h2 class=\"wp-block-heading\">Qui\u00e9n de nuestro equipo tiene acceso a los datos<\/h2>\n\n\n\n<p>Los miembros de nuestro equipo tienen acceso a la informaci\u00f3n que nos facilite. Por ejemplo, los administradores y gerentes de la tienda pueden tener acceso:<\/p>\n\n\n\n<ul class=\"wp-block-list\">\n<li>Informaci\u00f3n sobre el pedido, como qu\u00e9 se ha comprado, cu\u00e1ndo y d\u00f3nde se va a enviar, y<\/li>\n\n\n\n<li>Informaci\u00f3n del cliente, como su nombre, direcci\u00f3n de correo electr\u00f3nico e informaci\u00f3n de facturaci\u00f3n y entrega.<\/li>\n<\/ul>\n\n\n\n<p>Los miembros de nuestro equipo tienen acceso a esta informaci\u00f3n para ayudarle a realizar pedidos, tramitar devoluciones y prestarle asistencia.<\/p>\n\n\n\n<h2 class=\"wp-block-heading\">Lo que compartimos con los dem\u00e1s<\/h2>\n\n\n\n<p>Compartimos datos con terceros que nos ayudan a gestionar nuestros pedidos y servicios de tienda, por ejemplo.<\/p>\n\n\n\n<h3 class=\"wp-block-heading\">Pagos<\/h3>\n\n\n\n<p>Aceptamos pagos a trav\u00e9s de PayPal. Al procesar los pagos, se transmitir\u00e1n ciertos datos a PayPal, incluida la informaci\u00f3n necesaria para completar el pago, como el importe total y la informaci\u00f3n de facturaci\u00f3n.<\/p>\n\n\n\n<p>Por favor, lea el&nbsp;<a href=\"https:\/\/www.paypal.com\/us\/webapps\/mpp\/ua\/privacy-full\">Pol\u00edtica de privacidad de PayPal<\/a>&nbsp;para m\u00e1s detalles.<\/p>","protected":false},"excerpt":{"rendered":"<p>Sobre nosotros La direcci\u00f3n de nuestro sitio web es: https:\/\/prevactions.ca WordPress Comentarios Cuando deja un comentario en nuestro sitio web, los datos introducidos en el formulario de comentarios, as\u00ed como su direcci\u00f3n IP y el agente de usuario de su navegador, se recopilan para ayudarnos a detectar comentarios no deseados. Se crea una cadena an\u00f3nima [...]<\/p>","protected":false},"author":3,"featured_media":0,"parent":0,"menu_order":0,"comment_status":"closed","ping_status":"closed","template":"","meta":{"_acf_changed":false,"footnotes":""},"class_list":["post-571","page","type-page","status-publish","hentry"],"acf":[],"yoast_head":"<!-- This site is optimized with the Yoast SEO plugin v22.7 - https:\/\/yoast.com\/wordpress\/plugins\/seo\/ -->\n<title>Politiques de confidentialit\u00e9 - Pr\u00e9vactions<\/title>\n<meta name=\"robots\" content=\"index, follow, max-snippet:-1, max-image-preview:large, max-video-preview:-1\" \/>\n<link rel=\"canonical\" href=\"https:\/\/prevactions.ca\/es\/politica-de-privacidad\/\" \/>\n<meta property=\"og:locale\" content=\"es_MX\" \/>\n<meta property=\"og:type\" content=\"article\" \/>\n<meta property=\"og:title\" content=\"Politiques de confidentialit\u00e9 - Pr\u00e9vactions\" \/>\n<meta property=\"og:description\" content=\"Qui sommes-nous L&#039;adresse de notre site web est : https:\/\/prevactions.ca WordPress Commentaires Quand vous laissez un commentaire sur notre site web, les donn\u00e9es inscrites dans le formulaire de commentaire, mais aussi votre adresse IP et l\u2019agent utilisateur de votre navigateur sont collect\u00e9s pour nous aider \u00e0 la d\u00e9tection des commentaires ind\u00e9sirables. Une cha\u00eene anonymis\u00e9e cr\u00e9\u00e9e [&hellip;]\" \/>\n<meta property=\"og:url\" content=\"https:\/\/prevactions.ca\/es\/politica-de-privacidad\/\" \/>\n<meta property=\"og:site_name\" content=\"Pr\u00e9vactions\" \/>\n<meta property=\"article:publisher\" content=\"https:\/\/www.facebook.com\/Prevactions\/\" \/>\n<meta property=\"article:modified_time\" content=\"2024-05-22T13:36:12+00:00\" \/>\n<meta name=\"twitter:card\" content=\"summary_large_image\" \/>\n<meta name=\"twitter:label1\" content=\"Tiempo de lectura\" \/>\n\t<meta name=\"twitter:data1\" content=\"6 minutos\" \/>\n<script type=\"application\/ld+json\" class=\"yoast-schema-graph\">{\"@context\":\"https:\/\/schema.org\",\"@graph\":[{\"@type\":\"WebPage\",\"@id\":\"https:\/\/prevactions.ca\/politiques-de-confidentialite\/\",\"url\":\"https:\/\/prevactions.ca\/politiques-de-confidentialite\/\",\"name\":\"Politiques de confidentialit\u00e9 - Pr\u00e9vactions\",\"isPartOf\":{\"@id\":\"https:\/\/prevactions.ca\/#website\"},\"datePublished\":\"2024-05-17T13:12:35+00:00\",\"dateModified\":\"2024-05-22T13:36:12+00:00\",\"inLanguage\":\"es\",\"potentialAction\":[{\"@type\":\"ReadAction\",\"target\":[\"https:\/\/prevactions.ca\/politiques-de-confidentialite\/\"]}]},{\"@type\":\"WebSite\",\"@id\":\"https:\/\/prevactions.ca\/#website\",\"url\":\"https:\/\/prevactions.ca\/\",\"name\":\"Pr\u00e9vactions\",\"description\":\"Votre partenaire en sant\u00e9 et s\u00e9curit\u00e9 au travail\",\"publisher\":{\"@id\":\"https:\/\/prevactions.ca\/#organization\"},\"potentialAction\":[{\"@type\":\"SearchAction\",\"target\":{\"@type\":\"EntryPoint\",\"urlTemplate\":\"https:\/\/prevactions.ca\/?s={search_term_string}\"},\"query-input\":\"required name=search_term_string\"}],\"inLanguage\":\"es\"},{\"@type\":\"Organization\",\"@id\":\"https:\/\/prevactions.ca\/#organization\",\"name\":\"Prevactions\",\"url\":\"https:\/\/prevactions.ca\/\",\"logo\":{\"@type\":\"ImageObject\",\"inLanguage\":\"es\",\"@id\":\"https:\/\/prevactions.ca\/#\/schema\/logo\/image\/\",\"url\":\"https:\/\/prevactions.ca\/wp-content\/uploads\/2022\/03\/logo-noir-1.png\",\"contentUrl\":\"https:\/\/prevactions.ca\/wp-content\/uploads\/2022\/03\/logo-noir-1.png\",\"width\":1414,\"height\":434,\"caption\":\"Prevactions\"},\"image\":{\"@id\":\"https:\/\/prevactions.ca\/#\/schema\/logo\/image\/\"},\"sameAs\":[\"https:\/\/www.facebook.com\/Prevactions\/\"]}]}<\/script>\n<!-- \/ Yoast SEO plugin. -->","yoast_head_json":{"title":"Politiques de confidentialit\u00e9 - Pr\u00e9vactions","robots":{"index":"index","follow":"follow","max-snippet":"max-snippet:-1","max-image-preview":"max-image-preview:large","max-video-preview":"max-video-preview:-1"},"canonical":"https:\/\/prevactions.ca\/es\/politica-de-privacidad\/","og_locale":"es_MX","og_type":"article","og_title":"Politiques de confidentialit\u00e9 - Pr\u00e9vactions","og_description":"Qui sommes-nous L'adresse de notre site web est : https:\/\/prevactions.ca WordPress Commentaires Quand vous laissez un commentaire sur notre site web, les donn\u00e9es inscrites dans le formulaire de commentaire, mais aussi votre adresse IP et l\u2019agent utilisateur de votre navigateur sont collect\u00e9s pour nous aider \u00e0 la d\u00e9tection des commentaires ind\u00e9sirables. Une cha\u00eene anonymis\u00e9e cr\u00e9\u00e9e [&hellip;]","og_url":"https:\/\/prevactions.ca\/es\/politica-de-privacidad\/","og_site_name":"Pr\u00e9vactions","article_publisher":"https:\/\/www.facebook.com\/Prevactions\/","article_modified_time":"2024-05-22T13:36:12+00:00","twitter_card":"summary_large_image","twitter_misc":{"Tiempo de lectura":"6 minutos"},"schema":{"@context":"https:\/\/schema.org","@graph":[{"@type":"WebPage","@id":"https:\/\/prevactions.ca\/politiques-de-confidentialite\/","url":"https:\/\/prevactions.ca\/politiques-de-confidentialite\/","name":"Politiques de confidentialit\u00e9 - Pr\u00e9vactions","isPartOf":{"@id":"https:\/\/prevactions.ca\/#website"},"datePublished":"2024-05-17T13:12:35+00:00","dateModified":"2024-05-22T13:36:12+00:00","inLanguage":"es","potentialAction":[{"@type":"ReadAction","target":["https:\/\/prevactions.ca\/politiques-de-confidentialite\/"]}]},{"@type":"WebSite","@id":"https:\/\/prevactions.ca\/#website","url":"https:\/\/prevactions.ca\/","name":"Pr\u00e9vactions","description":"Votre partenaire en sant\u00e9 et s\u00e9curit\u00e9 au travail","publisher":{"@id":"https:\/\/prevactions.ca\/#organization"},"potentialAction":[{"@type":"SearchAction","target":{"@type":"EntryPoint","urlTemplate":"https:\/\/prevactions.ca\/?s={search_term_string}"},"query-input":"required name=search_term_string"}],"inLanguage":"es"},{"@type":"Organization","@id":"https:\/\/prevactions.ca\/#organization","name":"Prevactions","url":"https:\/\/prevactions.ca\/","logo":{"@type":"ImageObject","inLanguage":"es","@id":"https:\/\/prevactions.ca\/#\/schema\/logo\/image\/","url":"https:\/\/prevactions.ca\/wp-content\/uploads\/2022\/03\/logo-noir-1.png","contentUrl":"https:\/\/prevactions.ca\/wp-content\/uploads\/2022\/03\/logo-noir-1.png","width":1414,"height":434,"caption":"Prevactions"},"image":{"@id":"https:\/\/prevactions.ca\/#\/schema\/logo\/image\/"},"sameAs":["https:\/\/www.facebook.com\/Prevactions\/"]}]}},"_links":{"self":[{"href":"https:\/\/prevactions.ca\/es\/wp-json\/wp\/v2\/pages\/571","targetHints":{"allow":["GET"]}}],"collection":[{"href":"https:\/\/prevactions.ca\/es\/wp-json\/wp\/v2\/pages"}],"about":[{"href":"https:\/\/prevactions.ca\/es\/wp-json\/wp\/v2\/types\/page"}],"author":[{"embeddable":true,"href":"https:\/\/prevactions.ca\/es\/wp-json\/wp\/v2\/users\/3"}],"replies":[{"embeddable":true,"href":"https:\/\/prevactions.ca\/es\/wp-json\/wp\/v2\/comments?post=571"}],"version-history":[{"count":3,"href":"https:\/\/prevactions.ca\/es\/wp-json\/wp\/v2\/pages\/571\/revisions"}],"predecessor-version":[{"id":674,"href":"https:\/\/prevactions.ca\/es\/wp-json\/wp\/v2\/pages\/571\/revisions\/674"}],"wp:attachment":[{"href":"https:\/\/prevactions.ca\/es\/wp-json\/wp\/v2\/media?parent=571"}],"curies":[{"name":"wp","href":"https:\/\/api.w.org\/{rel}","templated":true}]}}