{"id":895,"date":"2026-04-09T13:31:52","date_gmt":"2026-04-09T18:31:52","guid":{"rendered":"https:\/\/prevactions.ca\/?page_id=895"},"modified":"2026-04-09T13:31:55","modified_gmt":"2026-04-09T18:31:55","slug":"beton-multi-surfaces-evaluation-des-risques-psychosociaux-au-sein-dune-entreprise","status":"publish","type":"page","link":"https:\/\/prevactions.ca\/en\/multisurface-concrete-risk-assessment-for-psychosocial-risks-within-a-company\/","title":{"rendered":"Multi-Surface Concrete - Psychosocial Risk Assessment within a Company"},"content":{"rendered":"","protected":false},"excerpt":{"rendered":"","protected":false},"author":3,"featured_media":0,"parent":0,"menu_order":0,"comment_status":"closed","ping_status":"closed","template":"","meta":{"_acf_changed":false,"footnotes":""},"class_list":["post-895","page","type-page","status-publish","hentry"],"acf":[],"yoast_head":"<!-- This site is optimized with the Yoast SEO plugin v22.7 - https:\/\/yoast.com\/wordpress\/plugins\/seo\/ -->\n<title>B\u00e9ton Multi-Surfaces - \u00c9valuation des risques psychosociaux au sein d&#039;une entreprise - Pr\u00e9vactions<\/title>\n<meta name=\"robots\" content=\"index, follow, max-snippet:-1, max-image-preview:large, max-video-preview:-1\" \/>\n<link rel=\"canonical\" href=\"https:\/\/prevactions.ca\/en\/multisurface-concrete-risk-assessment-for-psychosocial-risks-within-a-company\/\" \/>\n<meta property=\"og:locale\" content=\"en_US\" \/>\n<meta property=\"og:type\" content=\"article\" \/>\n<meta property=\"og:title\" content=\"B\u00e9ton Multi-Surfaces - \u00c9valuation des risques psychosociaux au sein d&#039;une entreprise - Pr\u00e9vactions\" \/>\n<meta property=\"og:url\" content=\"https:\/\/prevactions.ca\/en\/multisurface-concrete-risk-assessment-for-psychosocial-risks-within-a-company\/\" \/>\n<meta property=\"og:site_name\" content=\"Pr\u00e9vactions\" \/>\n<meta property=\"article:publisher\" content=\"https:\/\/www.facebook.com\/Prevactions\/\" \/>\n<meta property=\"article:modified_time\" content=\"2026-04-09T18:31:55+00:00\" \/>\n<meta name=\"twitter:card\" content=\"summary_large_image\" \/>\n<meta name=\"twitter:label1\" content=\"Est. reading time\" \/>\n\t<meta name=\"twitter:data1\" content=\"6 minutes\" \/>\n<script type=\"application\/ld+json\" class=\"yoast-schema-graph\">{\"@context\":\"https:\/\/schema.org\",\"@graph\":[{\"@type\":\"WebPage\",\"@id\":\"https:\/\/prevactions.ca\/beton-multi-surfaces-evaluation-des-risques-psychosociaux-au-sein-dune-entreprise\/\",\"url\":\"https:\/\/prevactions.ca\/beton-multi-surfaces-evaluation-des-risques-psychosociaux-au-sein-dune-entreprise\/\",\"name\":\"B\u00e9ton Multi-Surfaces - \u00c9valuation des risques psychosociaux au sein d'une entreprise - Pr\u00e9vactions\",\"isPartOf\":{\"@id\":\"https:\/\/prevactions.ca\/#website\"},\"datePublished\":\"2026-04-09T18:31:52+00:00\",\"dateModified\":\"2026-04-09T18:31:55+00:00\",\"inLanguage\":\"en-US\",\"potentialAction\":[{\"@type\":\"ReadAction\",\"target\":[\"https:\/\/prevactions.ca\/beton-multi-surfaces-evaluation-des-risques-psychosociaux-au-sein-dune-entreprise\/\"]}]},{\"@type\":\"WebSite\",\"@id\":\"https:\/\/prevactions.ca\/#website\",\"url\":\"https:\/\/prevactions.ca\/\",\"name\":\"Pr\u00e9vactions\",\"description\":\"Votre partenaire en sant\u00e9 et s\u00e9curit\u00e9 au travail\",\"publisher\":{\"@id\":\"https:\/\/prevactions.ca\/#organization\"},\"potentialAction\":[{\"@type\":\"SearchAction\",\"target\":{\"@type\":\"EntryPoint\",\"urlTemplate\":\"https:\/\/prevactions.ca\/?s={search_term_string}\"},\"query-input\":\"required name=search_term_string\"}],\"inLanguage\":\"en-US\"},{\"@type\":\"Organization\",\"@id\":\"https:\/\/prevactions.ca\/#organization\",\"name\":\"Prevactions\",\"url\":\"https:\/\/prevactions.ca\/\",\"logo\":{\"@type\":\"ImageObject\",\"inLanguage\":\"en-US\",\"@id\":\"https:\/\/prevactions.ca\/#\/schema\/logo\/image\/\",\"url\":\"https:\/\/prevactions.ca\/wp-content\/uploads\/2022\/03\/logo-noir-1.png\",\"contentUrl\":\"https:\/\/prevactions.ca\/wp-content\/uploads\/2022\/03\/logo-noir-1.png\",\"width\":1414,\"height\":434,\"caption\":\"Prevactions\"},\"image\":{\"@id\":\"https:\/\/prevactions.ca\/#\/schema\/logo\/image\/\"},\"sameAs\":[\"https:\/\/www.facebook.com\/Prevactions\/\"]}]}<\/script>\n<!-- \/ Yoast SEO plugin. -->","yoast_head_json":{"title":"B\u00e9ton Multi-Surfaces - \u00c9valuation des risques psychosociaux au sein d'une entreprise - Pr\u00e9vactions","robots":{"index":"index","follow":"follow","max-snippet":"max-snippet:-1","max-image-preview":"max-image-preview:large","max-video-preview":"max-video-preview:-1"},"canonical":"https:\/\/prevactions.ca\/en\/multisurface-concrete-risk-assessment-for-psychosocial-risks-within-a-company\/","og_locale":"en_US","og_type":"article","og_title":"B\u00e9ton Multi-Surfaces - \u00c9valuation des risques psychosociaux au sein d'une entreprise - Pr\u00e9vactions","og_url":"https:\/\/prevactions.ca\/en\/multisurface-concrete-risk-assessment-for-psychosocial-risks-within-a-company\/","og_site_name":"Pr\u00e9vactions","article_publisher":"https:\/\/www.facebook.com\/Prevactions\/","article_modified_time":"2026-04-09T18:31:55+00:00","twitter_card":"summary_large_image","twitter_misc":{"Est. reading time":"6 minutes"},"schema":{"@context":"https:\/\/schema.org","@graph":[{"@type":"WebPage","@id":"https:\/\/prevactions.ca\/beton-multi-surfaces-evaluation-des-risques-psychosociaux-au-sein-dune-entreprise\/","url":"https:\/\/prevactions.ca\/beton-multi-surfaces-evaluation-des-risques-psychosociaux-au-sein-dune-entreprise\/","name":"B\u00e9ton Multi-Surfaces - \u00c9valuation des risques psychosociaux au sein d'une entreprise - Pr\u00e9vactions","isPartOf":{"@id":"https:\/\/prevactions.ca\/#website"},"datePublished":"2026-04-09T18:31:52+00:00","dateModified":"2026-04-09T18:31:55+00:00","inLanguage":"en-US","potentialAction":[{"@type":"ReadAction","target":["https:\/\/prevactions.ca\/beton-multi-surfaces-evaluation-des-risques-psychosociaux-au-sein-dune-entreprise\/"]}]},{"@type":"WebSite","@id":"https:\/\/prevactions.ca\/#website","url":"https:\/\/prevactions.ca\/","name":"Pr\u00e9vactions","description":"Votre partenaire en sant\u00e9 et s\u00e9curit\u00e9 au travail","publisher":{"@id":"https:\/\/prevactions.ca\/#organization"},"potentialAction":[{"@type":"SearchAction","target":{"@type":"EntryPoint","urlTemplate":"https:\/\/prevactions.ca\/?s={search_term_string}"},"query-input":"required name=search_term_string"}],"inLanguage":"en-US"},{"@type":"Organization","@id":"https:\/\/prevactions.ca\/#organization","name":"Prevactions","url":"https:\/\/prevactions.ca\/","logo":{"@type":"ImageObject","inLanguage":"en-US","@id":"https:\/\/prevactions.ca\/#\/schema\/logo\/image\/","url":"https:\/\/prevactions.ca\/wp-content\/uploads\/2022\/03\/logo-noir-1.png","contentUrl":"https:\/\/prevactions.ca\/wp-content\/uploads\/2022\/03\/logo-noir-1.png","width":1414,"height":434,"caption":"Prevactions"},"image":{"@id":"https:\/\/prevactions.ca\/#\/schema\/logo\/image\/"},"sameAs":["https:\/\/www.facebook.com\/Prevactions\/"]}]}},"_links":{"self":[{"href":"https:\/\/prevactions.ca\/en\/wp-json\/wp\/v2\/pages\/895","targetHints":{"allow":["GET"]}}],"collection":[{"href":"https:\/\/prevactions.ca\/en\/wp-json\/wp\/v2\/pages"}],"about":[{"href":"https:\/\/prevactions.ca\/en\/wp-json\/wp\/v2\/types\/page"}],"author":[{"embeddable":true,"href":"https:\/\/prevactions.ca\/en\/wp-json\/wp\/v2\/users\/3"}],"replies":[{"embeddable":true,"href":"https:\/\/prevactions.ca\/en\/wp-json\/wp\/v2\/comments?post=895"}],"version-history":[{"count":1,"href":"https:\/\/prevactions.ca\/en\/wp-json\/wp\/v2\/pages\/895\/revisions"}],"predecessor-version":[{"id":896,"href":"https:\/\/prevactions.ca\/en\/wp-json\/wp\/v2\/pages\/895\/revisions\/896"}],"wp:attachment":[{"href":"https:\/\/prevactions.ca\/en\/wp-json\/wp\/v2\/media?parent=895"}],"curies":[{"name":"wp","href":"https:\/\/api.w.org\/{rel}","templated":true}]}}