{"id":571,"date":"2024-05-17T08:12:35","date_gmt":"2024-05-17T13:12:35","guid":{"rendered":"https:\/\/prevactions.ca\/?page_id=571"},"modified":"2024-05-22T08:36:12","modified_gmt":"2024-05-22T13:36:12","slug":"politiques-de-confidentialite","status":"publish","type":"page","link":"https:\/\/prevactions.ca\/en\/privacy-policy\/","title":{"rendered":"Privacy policy"},"content":{"rendered":"<h2 class=\"wp-block-heading\">About us<\/h2>\n\n\n\n<p>Our website address is: https:\/\/prevactions.ca<\/p>\n\n\n\n<h3 class=\"wp-block-heading\"><strong><em>WordPress<\/em><\/strong><\/h3>\n\n\n\n<h2 class=\"wp-block-heading\">Comments<\/h2>\n\n\n\n<p>When you leave a comment on our website, the data entered in the comment form, your IP address and your browser's user agent are collected to help us detect undesirable comments.<\/p>\n\n\n\n<p>An anonymized string created from your e-mail address (also known as a \"hash\") may be sent to the Gravatar service to verify your use of the service. Gravatar's privacy policy is available here: https:\/\/automattic.com\/privacy\/. Once your comment has been validated, your profile photo will be publicly visible next to your comment.<\/p>\n\n\n\n<h2 class=\"wp-block-heading\">Media<\/h2>\n\n\n\n<p>If you upload images to the website, we advise you to avoid uploading images containing EXIF data containing GPS coordinates. Visitors to this website can download and extract location data from these images.<\/p>\n\n\n\n<h2 class=\"wp-block-heading\">Witnesses<\/h2>\n\n\n\n<p>If you leave a comment on our site, you will be asked to save your name, e-mail address and website in cookies. This is only to make your life easier so that you don't have to enter this information if you leave another comment later. These cookies expire after one year.<\/p>\n\n\n\n<p>If you go to the login page, a temporary cookie will be created to determine whether your browser accepts cookies. It contains no personal data and will be deleted automatically when you close your browser.<\/p>\n\n\n\n<p>When you log on, we will set a number of cookies to record your login information and screen preferences. The lifetime of a connection cookie is two days, that of a screen option cookie is one year. If you check \"Remember me\", your cookie will be stored for two weeks. If you log out of your account, the cookie will be deleted.<\/p>\n\n\n\n<p>When editing or publishing an article, an additional cookie will be stored in your browser. This cookie does not contain any personal data. It simply indicates the identifier of the article you have just modified. It expires after one day.<\/p>\n\n\n\n<h2 class=\"wp-block-heading\">Embedded content from other websites<\/h2>\n\n\n\n<p>Articles on this site may include embedded content (e.g. videos, images, articles, etc.). Embedded content from other sites behaves in the same way as if the visitor were visiting that other site.<\/p>\n\n\n\n<p>These websites may collect data about you, use cookies, install third-party tracking tools or track your interactions with such integrated content if you have an account and are logged into their website.<\/p>\n\n\n\n<h2 class=\"wp-block-heading\">With whom we share your data<\/h2>\n\n\n\n<p>If you request a password reset, your IP address will be included in the reset email.<\/p>\n\n\n\n<h2 class=\"wp-block-heading\">How long is your data stored?<\/h2>\n\n\n\n<p>If you leave a comment, the comment and its metadata are retained indefinitely. This makes it possible to automatically recognize and approve subsequent comments, rather than leaving them in the moderation queue.<\/p>\n\n\n\n<p>For users who register on our site (where possible), we also store the personal data indicated in their profile. All users can view, modify or delete their personal information at any time (with the exception of their username). Site managers can also view and modify this information.<\/p>\n\n\n\n<h2 class=\"wp-block-heading\">What are your rights regarding your data?<\/h2>\n\n\n\n<p>If you have an account or if you have left comments on this site, you may request to receive a file containing all the personal data we hold about you, including that which you have provided to us. You may also request the deletion of your personal data. This does not include data held for administrative, legal or security purposes.<\/p>\n\n\n\n<h2 class=\"wp-block-heading\">Where your data is sent<\/h2>\n\n\n\n<p><strong class=\"privacy-policy-tutorial\">Suggested text: <\/strong>Visitor comments can be checked using an automated spam detection service.<\/p>\n\n\n\n<hr class=\"wp-block-separator has-alpha-channel-opacity is-style-wide\"\/>\n\n\n\n<h3 class=\"wp-block-heading\"><strong><em>WooCommerce<\/em><\/strong><\/h3>\n\n\n\n<p>We collect information during the ordering process in our store.<\/p>\n\n\n\n<h2 class=\"wp-block-heading\">What we harvest and store<\/h2>\n\n\n\n<p>While you're visiting our site, we'll keep track of you:<\/p>\n\n\n\n<ul class=\"wp-block-list\">\n<li>Products you've seen: for example, to display products you've recently viewed<\/li>\n\n\n\n<li>Location, IP address and browser type: we use these to estimate taxes and delivery charges.<\/li>\n\n\n\n<li>Delivery address: we'll ask you to enter this to estimate delivery costs before you place an order, and to send the order to you!<\/li>\n<\/ul>\n\n\n\n<p>We will use cookies to track the contents of your shopping cart as you navigate through our site.<\/p>\n\n\n\n<p>When you purchase from our website, we will ask you to provide information including your name, billing address, shipping address, e-mail address, telephone number, payment\/credit card details and possibly account details such as username and password. This information will be used for :<\/p>\n\n\n\n<ul class=\"wp-block-list\">\n<li>Send you your account and order information<\/li>\n\n\n\n<li>Respond to your requests, including refunds and complaints<\/li>\n\n\n\n<li>Process payments and prevent fraud<\/li>\n\n\n\n<li>Set up your account for our store<\/li>\n\n\n\n<li>Comply with any legal obligation, such as tax calculation<\/li>\n\n\n\n<li>Improve our store offers<\/li>\n\n\n\n<li>Send you messages for promotional purposes, if you choose to receive them<\/li>\n<\/ul>\n\n\n\n<p>If you create an account, we will keep your name, address, email address, phone number, which will be used to complete the order validation for future orders.<\/p>\n\n\n\n<p>We generally retain your information for as long as we need it for the purpose for which we collect and use it, and we are not legally obligated to continue to retain it. For example, we retain order information for XXX years for tax and accounting purposes. This includes your name, e-mail address and billing and shipping addresses.<\/p>\n\n\n\n<p>We also keep comments or notices, if you choose to send them.<\/p>\n\n\n\n<h2 class=\"wp-block-heading\">Who in our team has access to the data<\/h2>\n\n\n\n<p>Members of our team have access to the information you provide. For example, store administrators and managers may have access:<\/p>\n\n\n\n<ul class=\"wp-block-list\">\n<li>Order information such as what was purchased, when and where it should be sent, and<\/li>\n\n\n\n<li>Customer information such as your name, email address and billing and shipping information.<\/li>\n<\/ul>\n\n\n\n<p>Our team members have access to this information to help you fulfill orders, process refunds and support you.<\/p>\n\n\n\n<h2 class=\"wp-block-heading\">What we share with others<\/h2>\n\n\n\n<p>We share data with third parties who help us manage our orders and store services, for example.<\/p>\n\n\n\n<h3 class=\"wp-block-heading\">Payments<\/h3>\n\n\n\n<p>We accept payment via PayPal. When processing payments, certain data will be transmitted to PayPal, including information required to process the payment, such as the total amount and billing information.<\/p>\n\n\n\n<p>Please read the&nbsp;<a href=\"https:\/\/www.paypal.com\/us\/webapps\/mpp\/ua\/privacy-full\">PayPal privacy policy<\/a>&nbsp;for more details.<\/p>","protected":false},"excerpt":{"rendered":"<p>About us Our website address is: https:\/\/prevactions.ca WordPress Comments When you leave a comment on our website, not only the data entered in the comment form, but also your IP address and your browser's user agent are collected to help us detect unwanted comments. An anonymized chain created [...]<\/p>","protected":false},"author":3,"featured_media":0,"parent":0,"menu_order":0,"comment_status":"closed","ping_status":"closed","template":"","meta":{"_acf_changed":false,"footnotes":""},"class_list":["post-571","page","type-page","status-publish","hentry"],"acf":[],"yoast_head":"<!-- This site is optimized with the Yoast SEO plugin v22.7 - https:\/\/yoast.com\/wordpress\/plugins\/seo\/ -->\n<title>Politiques de confidentialit\u00e9 - Pr\u00e9vactions<\/title>\n<meta name=\"robots\" content=\"index, follow, max-snippet:-1, max-image-preview:large, max-video-preview:-1\" \/>\n<link rel=\"canonical\" href=\"https:\/\/prevactions.ca\/en\/privacy-policy\/\" \/>\n<meta property=\"og:locale\" content=\"en_US\" \/>\n<meta property=\"og:type\" content=\"article\" \/>\n<meta property=\"og:title\" content=\"Politiques de confidentialit\u00e9 - Pr\u00e9vactions\" \/>\n<meta property=\"og:description\" content=\"Qui sommes-nous L&#039;adresse de notre site web est : https:\/\/prevactions.ca WordPress Commentaires Quand vous laissez un commentaire sur notre site web, les donn\u00e9es inscrites dans le formulaire de commentaire, mais aussi votre adresse IP et l\u2019agent utilisateur de votre navigateur sont collect\u00e9s pour nous aider \u00e0 la d\u00e9tection des commentaires ind\u00e9sirables. Une cha\u00eene anonymis\u00e9e cr\u00e9\u00e9e [&hellip;]\" \/>\n<meta property=\"og:url\" content=\"https:\/\/prevactions.ca\/en\/privacy-policy\/\" \/>\n<meta property=\"og:site_name\" content=\"Pr\u00e9vactions\" \/>\n<meta property=\"article:publisher\" content=\"https:\/\/www.facebook.com\/Prevactions\/\" \/>\n<meta property=\"article:modified_time\" content=\"2024-05-22T13:36:12+00:00\" \/>\n<meta name=\"twitter:card\" content=\"summary_large_image\" \/>\n<meta name=\"twitter:label1\" content=\"Est. reading time\" \/>\n\t<meta name=\"twitter:data1\" content=\"6 minutes\" \/>\n<script type=\"application\/ld+json\" class=\"yoast-schema-graph\">{\"@context\":\"https:\/\/schema.org\",\"@graph\":[{\"@type\":\"WebPage\",\"@id\":\"https:\/\/prevactions.ca\/politiques-de-confidentialite\/\",\"url\":\"https:\/\/prevactions.ca\/politiques-de-confidentialite\/\",\"name\":\"Politiques de confidentialit\u00e9 - Pr\u00e9vactions\",\"isPartOf\":{\"@id\":\"https:\/\/prevactions.ca\/#website\"},\"datePublished\":\"2024-05-17T13:12:35+00:00\",\"dateModified\":\"2024-05-22T13:36:12+00:00\",\"inLanguage\":\"en-US\",\"potentialAction\":[{\"@type\":\"ReadAction\",\"target\":[\"https:\/\/prevactions.ca\/politiques-de-confidentialite\/\"]}]},{\"@type\":\"WebSite\",\"@id\":\"https:\/\/prevactions.ca\/#website\",\"url\":\"https:\/\/prevactions.ca\/\",\"name\":\"Pr\u00e9vactions\",\"description\":\"Votre partenaire en sant\u00e9 et s\u00e9curit\u00e9 au travail\",\"publisher\":{\"@id\":\"https:\/\/prevactions.ca\/#organization\"},\"potentialAction\":[{\"@type\":\"SearchAction\",\"target\":{\"@type\":\"EntryPoint\",\"urlTemplate\":\"https:\/\/prevactions.ca\/?s={search_term_string}\"},\"query-input\":\"required name=search_term_string\"}],\"inLanguage\":\"en-US\"},{\"@type\":\"Organization\",\"@id\":\"https:\/\/prevactions.ca\/#organization\",\"name\":\"Prevactions\",\"url\":\"https:\/\/prevactions.ca\/\",\"logo\":{\"@type\":\"ImageObject\",\"inLanguage\":\"en-US\",\"@id\":\"https:\/\/prevactions.ca\/#\/schema\/logo\/image\/\",\"url\":\"https:\/\/prevactions.ca\/wp-content\/uploads\/2022\/03\/logo-noir-1.png\",\"contentUrl\":\"https:\/\/prevactions.ca\/wp-content\/uploads\/2022\/03\/logo-noir-1.png\",\"width\":1414,\"height\":434,\"caption\":\"Prevactions\"},\"image\":{\"@id\":\"https:\/\/prevactions.ca\/#\/schema\/logo\/image\/\"},\"sameAs\":[\"https:\/\/www.facebook.com\/Prevactions\/\"]}]}<\/script>\n<!-- \/ Yoast SEO plugin. -->","yoast_head_json":{"title":"Politiques de confidentialit\u00e9 - Pr\u00e9vactions","robots":{"index":"index","follow":"follow","max-snippet":"max-snippet:-1","max-image-preview":"max-image-preview:large","max-video-preview":"max-video-preview:-1"},"canonical":"https:\/\/prevactions.ca\/en\/privacy-policy\/","og_locale":"en_US","og_type":"article","og_title":"Politiques de confidentialit\u00e9 - Pr\u00e9vactions","og_description":"Qui sommes-nous L'adresse de notre site web est : https:\/\/prevactions.ca WordPress Commentaires Quand vous laissez un commentaire sur notre site web, les donn\u00e9es inscrites dans le formulaire de commentaire, mais aussi votre adresse IP et l\u2019agent utilisateur de votre navigateur sont collect\u00e9s pour nous aider \u00e0 la d\u00e9tection des commentaires ind\u00e9sirables. Une cha\u00eene anonymis\u00e9e cr\u00e9\u00e9e [&hellip;]","og_url":"https:\/\/prevactions.ca\/en\/privacy-policy\/","og_site_name":"Pr\u00e9vactions","article_publisher":"https:\/\/www.facebook.com\/Prevactions\/","article_modified_time":"2024-05-22T13:36:12+00:00","twitter_card":"summary_large_image","twitter_misc":{"Est. reading time":"6 minutes"},"schema":{"@context":"https:\/\/schema.org","@graph":[{"@type":"WebPage","@id":"https:\/\/prevactions.ca\/politiques-de-confidentialite\/","url":"https:\/\/prevactions.ca\/politiques-de-confidentialite\/","name":"Politiques de confidentialit\u00e9 - Pr\u00e9vactions","isPartOf":{"@id":"https:\/\/prevactions.ca\/#website"},"datePublished":"2024-05-17T13:12:35+00:00","dateModified":"2024-05-22T13:36:12+00:00","inLanguage":"en-US","potentialAction":[{"@type":"ReadAction","target":["https:\/\/prevactions.ca\/politiques-de-confidentialite\/"]}]},{"@type":"WebSite","@id":"https:\/\/prevactions.ca\/#website","url":"https:\/\/prevactions.ca\/","name":"Pr\u00e9vactions","description":"Votre partenaire en sant\u00e9 et s\u00e9curit\u00e9 au travail","publisher":{"@id":"https:\/\/prevactions.ca\/#organization"},"potentialAction":[{"@type":"SearchAction","target":{"@type":"EntryPoint","urlTemplate":"https:\/\/prevactions.ca\/?s={search_term_string}"},"query-input":"required name=search_term_string"}],"inLanguage":"en-US"},{"@type":"Organization","@id":"https:\/\/prevactions.ca\/#organization","name":"Prevactions","url":"https:\/\/prevactions.ca\/","logo":{"@type":"ImageObject","inLanguage":"en-US","@id":"https:\/\/prevactions.ca\/#\/schema\/logo\/image\/","url":"https:\/\/prevactions.ca\/wp-content\/uploads\/2022\/03\/logo-noir-1.png","contentUrl":"https:\/\/prevactions.ca\/wp-content\/uploads\/2022\/03\/logo-noir-1.png","width":1414,"height":434,"caption":"Prevactions"},"image":{"@id":"https:\/\/prevactions.ca\/#\/schema\/logo\/image\/"},"sameAs":["https:\/\/www.facebook.com\/Prevactions\/"]}]}},"_links":{"self":[{"href":"https:\/\/prevactions.ca\/en\/wp-json\/wp\/v2\/pages\/571","targetHints":{"allow":["GET"]}}],"collection":[{"href":"https:\/\/prevactions.ca\/en\/wp-json\/wp\/v2\/pages"}],"about":[{"href":"https:\/\/prevactions.ca\/en\/wp-json\/wp\/v2\/types\/page"}],"author":[{"embeddable":true,"href":"https:\/\/prevactions.ca\/en\/wp-json\/wp\/v2\/users\/3"}],"replies":[{"embeddable":true,"href":"https:\/\/prevactions.ca\/en\/wp-json\/wp\/v2\/comments?post=571"}],"version-history":[{"count":3,"href":"https:\/\/prevactions.ca\/en\/wp-json\/wp\/v2\/pages\/571\/revisions"}],"predecessor-version":[{"id":674,"href":"https:\/\/prevactions.ca\/en\/wp-json\/wp\/v2\/pages\/571\/revisions\/674"}],"wp:attachment":[{"href":"https:\/\/prevactions.ca\/en\/wp-json\/wp\/v2\/media?parent=571"}],"curies":[{"name":"wp","href":"https:\/\/api.w.org\/{rel}","templated":true}]}}